{"id":96,"date":"2025-05-04T12:31:17","date_gmt":"2025-05-04T16:31:17","guid":{"rendered":"https:\/\/redeem.iam8bit.com\/?page_id=96"},"modified":"2025-12-20T18:45:36","modified_gmt":"2025-12-20T23:45:36","slug":"schim","status":"publish","type":"page","link":"https:\/\/redeem.iam8bit.com\/fr\/schim\/","title":{"rendered":"schim"},"content":{"rendered":"<div data-elementor-type=\"wp-page\" data-elementor-id=\"96\" class=\"elementor elementor-96\" data-elementor-post-type=\"page\">\n\t\t\t\t<div class=\"elementor-element elementor-element-d17ac39 e-con-full e-flex e-con e-parent\" data-id=\"d17ac39\" data-element_type=\"container\" data-settings=\"{&quot;background_background&quot;:&quot;classic&quot;}\">\n\t\t<div class=\"elementor-element elementor-element-7fd937c e-flex e-con-boxed e-con e-child\" data-id=\"7fd937c\" data-element_type=\"container\">\n\t\t\t\t\t<div class=\"e-con-inner\">\n\t\t\t\t<div class=\"elementor-element elementor-element-bd2d6d3 elementor-widget elementor-widget-image\" data-id=\"bd2d6d3\" data-element_type=\"widget\" data-widget_type=\"image.default\">\n\t\t\t\t<div class=\"elementor-widget-container\">\n\t\t\t\t\t\t\t\t\t\t\t\t\t\t\t<img fetchpriority=\"high\" decoding=\"async\" width=\"800\" height=\"800\" src=\"https:\/\/redeem.iam8bit.com\/wp-content\/uploads\/2025\/05\/Schim.png\" class=\"attachment-large size-large wp-image-108\" alt=\"\" srcset=\"https:\/\/redeem.iam8bit.com\/wp-content\/uploads\/2025\/05\/Schim.png 800w, https:\/\/redeem.iam8bit.com\/wp-content\/uploads\/2025\/05\/Schim-300x300.png 300w, https:\/\/redeem.iam8bit.com\/wp-content\/uploads\/2025\/05\/Schim-150x150.png 150w, https:\/\/redeem.iam8bit.com\/wp-content\/uploads\/2025\/05\/Schim-768x768.png 768w\" sizes=\"(max-width: 800px) 100vw, 800px\" \/>\t\t\t\t\t\t\t\t\t\t\t\t\t\t\t<\/div>\n\t\t\t\t<\/div>\n\t\t\t\t\t<\/div>\n\t\t\t\t<\/div>\n\t\t<div class=\"elementor-element elementor-element-fe37ec4 e-flex e-con-boxed e-con e-child\" data-id=\"fe37ec4\" data-element_type=\"container\">\n\t\t\t\t\t<div class=\"e-con-inner\">\n\t\t\t\t<div class=\"elementor-element elementor-element-ecb5874 elementor-widget elementor-widget-heading\" data-id=\"ecb5874\" data-element_type=\"widget\" data-widget_type=\"heading.default\">\n\t\t\t\t<div class=\"elementor-widget-container\">\n\t\t\t\t\t<h2 class=\"elementor-heading-title elementor-size-default\">SCHiM T\u00e9l\u00e9chargement num\u00e9rique\n<\/h2>\t\t\t\t<\/div>\n\t\t\t\t<\/div>\n\t\t\t\t<div class=\"elementor-element elementor-element-6c4340c elementor-widget elementor-widget-text-editor\" data-id=\"6c4340c\" data-element_type=\"widget\" data-widget_type=\"text-editor.default\">\n\t\t\t\t<div class=\"elementor-widget-container\">\n\t\t\t\t\t\t\t\t\t<h5>Merci d'avoir achet\u00e9 l'\u00e9dition physique de SCHiM. Votre bon d'achat vous donne droit \u00e0 un (1) t\u00e9l\u00e9chargement gratuit de la \u201cbande originale officielle de SCHiM\u201d en format num\u00e9rique, \u00e0 transf\u00e9rer sur votre ordinateur ou votre lecteur de musique portable.<\/h5>\t\t\t\t\t\t\t\t<\/div>\n\t\t\t\t<\/div>\n\t\t\t\t<div class=\"elementor-element elementor-element-a3cffe6 elementor-widget elementor-widget-html\" data-id=\"a3cffe6\" data-element_type=\"widget\" data-widget_type=\"html.default\">\n\t\t\t\t<div class=\"elementor-widget-container\">\n\t\t\t\t\t\r\n\r\n\r\n\r\n\r\n\r\n\t\t\t\t<\/div>\n\t\t\t\t<\/div>\n\t\t\t\t\t<\/div>\n\t\t\t\t<\/div>\n\t\t\t\t<\/div>\n\t\t<div class=\"elementor-element elementor-element-57029bfd e-grid e-con-boxed e-con e-parent\" data-id=\"57029bfd\" data-element_type=\"container\">\n\t\t\t\t\t<div class=\"e-con-inner\">\n\t\t<div class=\"elementor-element elementor-element-5397cbb2 e-con-full e-flex e-con e-child\" data-id=\"5397cbb2\" data-element_type=\"container\">\n\t\t\t\t<div class=\"elementor-element elementor-element-16842da8 elementor-widget elementor-widget-text-editor\" data-id=\"16842da8\" data-element_type=\"widget\" data-widget_type=\"text-editor.default\">\n\t\t\t\t<div class=\"elementor-widget-container\">\n\t\t\t\t\t\t\t\t\t<div class=\"vc_row wpb_row vc_inner vc_row-fluid\"><div class=\"wpb_column vc_column_container vc_col-sm-12\"><div class=\"vc_column-inner\"><div class=\"wpb_wrapper\"><div class=\"wpb_text_column wpb_content_element\"><div class=\"wpb_wrapper\"><h5 class=\"ori-font\" style=\"text-align: center;\"><span style=\"color: #000000;\">Vous n'arrivez pas \u00e0 \u00e9changer votre code ?  Veuillez cliquer sur le lien suivant <span style=\"text-decoration: underline;\"><a style=\"color: #000000; text-decoration: underline;\" href=\"\/fr\/contact\/\">nous contacter<\/a><\/span> et s'empressera d'apporter son aide !<\/span><\/h5><\/div><\/div><\/div><\/div><\/div><\/div>\t\t\t\t\t\t\t\t<\/div>\n\t\t\t\t<\/div>\n\t\t\t\t<\/div>\n\t\t\t\t\t<\/div>\n\t\t\t\t<\/div>\n\t\t\t\t<\/div>","protected":false},"excerpt":{"rendered":"<p>SCHiM Digital Download Thank you for purchasing the physical edition of SCHiM. Your voucher entitles you to one (1) complimentary download of the \u201cSCHiM official soundtrack\u201d in digital format, for transfer to your computer or portable music player. Having issues redeeming your code?\u00a0 Please contact us and will jump in to help!<\/p>","protected":false},"author":2,"featured_media":0,"parent":0,"menu_order":0,"comment_status":"closed","ping_status":"closed","template":"","meta":{"footnotes":""},"class_list":["post-96","page","type-page","status-publish","hentry"],"_links":{"self":[{"href":"https:\/\/redeem.iam8bit.com\/fr\/wp-json\/wp\/v2\/pages\/96","targetHints":{"allow":["GET"]}}],"collection":[{"href":"https:\/\/redeem.iam8bit.com\/fr\/wp-json\/wp\/v2\/pages"}],"about":[{"href":"https:\/\/redeem.iam8bit.com\/fr\/wp-json\/wp\/v2\/types\/page"}],"author":[{"embeddable":true,"href":"https:\/\/redeem.iam8bit.com\/fr\/wp-json\/wp\/v2\/users\/2"}],"replies":[{"embeddable":true,"href":"https:\/\/redeem.iam8bit.com\/fr\/wp-json\/wp\/v2\/comments?post=96"}],"version-history":[{"count":0,"href":"https:\/\/redeem.iam8bit.com\/fr\/wp-json\/wp\/v2\/pages\/96\/revisions"}],"wp:attachment":[{"href":"https:\/\/redeem.iam8bit.com\/fr\/wp-json\/wp\/v2\/media?parent=96"}],"curies":[{"name":"wp","href":"https:\/\/api.w.org\/{rel}","templated":true}]}}