{"id":164,"date":"2025-10-23T17:57:51","date_gmt":"2025-10-23T21:57:51","guid":{"rendered":"https:\/\/redeem.iam8bit.com\/?page_id=164"},"modified":"2025-12-20T18:43:49","modified_gmt":"2025-12-20T23:43:49","slug":"fnaf-secret-of-the-mimic","status":"publish","type":"page","link":"https:\/\/redeem.iam8bit.com\/fr\/fnaf-secret-of-the-mimic\/","title":{"rendered":"FNaF: Secret of the Mimic"},"content":{"rendered":"<div data-elementor-type=\"wp-page\" data-elementor-id=\"164\" class=\"elementor elementor-164\" data-elementor-post-type=\"page\">\n\t\t\t\t<div class=\"elementor-element elementor-element-d17ac39 e-con-full e-flex e-con e-parent\" data-id=\"d17ac39\" data-element_type=\"container\" data-settings=\"{&quot;background_background&quot;:&quot;classic&quot;}\">\n\t\t<div class=\"elementor-element elementor-element-7fd937c e-flex e-con-boxed e-con e-child\" data-id=\"7fd937c\" data-element_type=\"container\">\n\t\t\t\t\t<div class=\"e-con-inner\">\n\t\t\t\t<div class=\"elementor-element elementor-element-bd2d6d3 elementor-widget elementor-widget-image\" data-id=\"bd2d6d3\" data-element_type=\"widget\" data-widget_type=\"image.default\">\n\t\t\t\t<div class=\"elementor-widget-container\">\n\t\t\t\t\t\t\t\t\t\t\t\t\t\t\t<img decoding=\"async\" src=\"https:\/\/redeem.iam8bit.com\/wp-content\/uploads\/elementor\/thumbs\/73618cc7-667f-4acf-a2d5-1d18efb62dd2-rdne3j2b5chzo2bblff89m9hk6ykn88wbd6dqw5pa8.jpg\" title=\"73618cc7-667f-4acf-a2d5-1d18efb62dd2\" alt=\"73618cc7-667f-4acf-a2d5-1d18efb62dd2\" loading=\"lazy\" \/>\t\t\t\t\t\t\t\t\t\t\t\t\t\t\t<\/div>\n\t\t\t\t<\/div>\n\t\t\t\t\t<\/div>\n\t\t\t\t<\/div>\n\t\t<div class=\"elementor-element elementor-element-fe37ec4 e-flex e-con-boxed e-con e-child\" data-id=\"fe37ec4\" data-element_type=\"container\">\n\t\t\t\t\t<div class=\"e-con-inner\">\n\t\t\t\t<div class=\"elementor-element elementor-element-ecb5874 elementor-widget elementor-widget-heading\" data-id=\"ecb5874\" data-element_type=\"widget\" data-widget_type=\"heading.default\">\n\t\t\t\t<div class=\"elementor-widget-container\">\n\t\t\t\t\t<h1 class=\"elementor-heading-title elementor-size-default\">FNaF : Le secret de la mimique\n:\nT\u00e9l\u00e9chargement num\u00e9rique<\/h1>\t\t\t\t<\/div>\n\t\t\t\t<\/div>\n\t\t\t\t<div class=\"elementor-element elementor-element-a3cffe6 elementor-widget elementor-widget-html\" data-id=\"a3cffe6\" data-element_type=\"widget\" data-widget_type=\"html.default\">\n\t\t\t\t<div class=\"elementor-widget-container\">\n\t\t\t\t\t\r\n\r\n\r\n\r\n\r\n\r\n\t\t\t\t<\/div>\n\t\t\t\t<\/div>\n\t\t\t\t\t<\/div>\n\t\t\t\t<\/div>\n\t\t\t\t<\/div>\n\t\t<div class=\"elementor-element elementor-element-5d17f82e e-grid e-con-boxed e-con e-parent\" data-id=\"5d17f82e\" data-element_type=\"container\">\n\t\t\t\t\t<div class=\"e-con-inner\">\n\t\t<div class=\"elementor-element elementor-element-3e310a0b e-con-full e-flex e-con e-child\" data-id=\"3e310a0b\" data-element_type=\"container\">\n\t\t\t\t<div class=\"elementor-element elementor-element-2465ee47 elementor-widget elementor-widget-text-editor\" data-id=\"2465ee47\" data-element_type=\"widget\" data-widget_type=\"text-editor.default\">\n\t\t\t\t<div class=\"elementor-widget-container\">\n\t\t\t\t\t\t\t\t\t<div class=\"vc_row wpb_row vc_inner vc_row-fluid\"><div class=\"wpb_column vc_column_container vc_col-sm-12\"><div class=\"vc_column-inner\"><div class=\"wpb_wrapper\"><div class=\"wpb_text_column wpb_content_element\"><div class=\"wpb_wrapper\"><h5 class=\"ori-font\" style=\"text-align: center;\"><span style=\"color: #ffffff;\">Vous n'arrivez pas \u00e0 \u00e9changer votre code ?  Veuillez cliquer sur le lien suivant <span style=\"text-decoration: underline;\"><a style=\"color: #ffffff; text-decoration: underline;\" href=\"\/fr\/contact\/\">nous contacter<\/a><\/span> et s'empressera d'apporter son aide !<\/span><\/h5><\/div><\/div><\/div><\/div><\/div><\/div>\t\t\t\t\t\t\t\t<\/div>\n\t\t\t\t<\/div>\n\t\t\t\t<\/div>\n\t\t\t\t\t<\/div>\n\t\t\t\t<\/div>\n\t\t\t\t<\/div>","protected":false},"excerpt":{"rendered":"<p>FNaF: Secret of the Mimic : Digital Download Having issues redeeming your code?\u00a0 Please contact us and will jump in to help!<\/p>","protected":false},"author":2,"featured_media":0,"parent":0,"menu_order":0,"comment_status":"closed","ping_status":"closed","template":"","meta":{"footnotes":""},"class_list":["post-164","page","type-page","status-publish","hentry"],"_links":{"self":[{"href":"https:\/\/redeem.iam8bit.com\/fr\/wp-json\/wp\/v2\/pages\/164","targetHints":{"allow":["GET"]}}],"collection":[{"href":"https:\/\/redeem.iam8bit.com\/fr\/wp-json\/wp\/v2\/pages"}],"about":[{"href":"https:\/\/redeem.iam8bit.com\/fr\/wp-json\/wp\/v2\/types\/page"}],"author":[{"embeddable":true,"href":"https:\/\/redeem.iam8bit.com\/fr\/wp-json\/wp\/v2\/users\/2"}],"replies":[{"embeddable":true,"href":"https:\/\/redeem.iam8bit.com\/fr\/wp-json\/wp\/v2\/comments?post=164"}],"version-history":[{"count":0,"href":"https:\/\/redeem.iam8bit.com\/fr\/wp-json\/wp\/v2\/pages\/164\/revisions"}],"wp:attachment":[{"href":"https:\/\/redeem.iam8bit.com\/fr\/wp-json\/wp\/v2\/media?parent=164"}],"curies":[{"name":"wp","href":"https:\/\/api.w.org\/{rel}","templated":true}]}}