{"id":130,"date":"2025-05-13T18:33:15","date_gmt":"2025-05-13T22:33:15","guid":{"rendered":"https:\/\/redeem.iam8bit.com\/?page_id=130"},"modified":"2025-12-20T18:49:22","modified_gmt":"2025-12-20T23:49:22","slug":"ori","status":"publish","type":"page","link":"https:\/\/redeem.iam8bit.com\/fr\/ori\/","title":{"rendered":"ori"},"content":{"rendered":"<div data-elementor-type=\"wp-page\" data-elementor-id=\"130\" class=\"elementor elementor-130\" data-elementor-post-type=\"page\">\n\t\t\t\t<div class=\"elementor-element elementor-element-d17ac39 e-con-full e-flex e-con e-parent\" data-id=\"d17ac39\" data-element_type=\"container\" data-settings=\"{&quot;background_background&quot;:&quot;classic&quot;}\">\n\t\t<div class=\"elementor-element elementor-element-7fd937c e-flex e-con-boxed e-con e-child\" data-id=\"7fd937c\" data-element_type=\"container\">\n\t\t\t\t\t<div class=\"e-con-inner\">\n\t\t\t\t<div class=\"elementor-element elementor-element-bd2d6d3 elementor-widget elementor-widget-image\" data-id=\"bd2d6d3\" data-element_type=\"widget\" data-widget_type=\"image.default\">\n\t\t\t\t<div class=\"elementor-widget-container\">\n\t\t\t\t\t\t\t\t\t\t\t\t\t\t\t<img fetchpriority=\"high\" decoding=\"async\" width=\"800\" height=\"800\" src=\"https:\/\/redeem.iam8bit.com\/wp-content\/uploads\/2025\/05\/Ori.png\" class=\"attachment-large size-large wp-image-107\" alt=\"\" srcset=\"https:\/\/redeem.iam8bit.com\/wp-content\/uploads\/2025\/05\/Ori.png 800w, https:\/\/redeem.iam8bit.com\/wp-content\/uploads\/2025\/05\/Ori-300x300.png 300w, https:\/\/redeem.iam8bit.com\/wp-content\/uploads\/2025\/05\/Ori-150x150.png 150w, https:\/\/redeem.iam8bit.com\/wp-content\/uploads\/2025\/05\/Ori-768x768.png 768w\" sizes=\"(max-width: 800px) 100vw, 800px\" \/>\t\t\t\t\t\t\t\t\t\t\t\t\t\t\t<\/div>\n\t\t\t\t<\/div>\n\t\t\t\t\t<\/div>\n\t\t\t\t<\/div>\n\t\t<div class=\"elementor-element elementor-element-fe37ec4 e-flex e-con-boxed e-con e-child\" data-id=\"fe37ec4\" data-element_type=\"container\">\n\t\t\t\t\t<div class=\"e-con-inner\">\n\t\t\t\t<div class=\"elementor-element elementor-element-6c4340c elementor-widget elementor-widget-text-editor\" data-id=\"6c4340c\" data-element_type=\"widget\" data-widget_type=\"text-editor.default\">\n\t\t\t\t<div class=\"elementor-widget-container\">\n\t\t\t\t\t\t\t\t\t<h5>Merci d'avoir achet\u00e9 l'\u00e9dition physique de \u201cOri and the Blind Forest\u201d sur Nintendo Switch.<\/h5><h5>Votre bon vous donne droit \u00e0 un (1) t\u00e9l\u00e9chargement gratuit de la bande originale de \u201cOri and the Blind Forest\u201d -OU \u201cOri and the Will of the Wisps\u201d en format num\u00e9rique, \u00e0 transf\u00e9rer sur votre ordinateur ou votre lecteur de musique portable.<\/h5>\t\t\t\t\t\t\t\t<\/div>\n\t\t\t\t<\/div>\n\t\t\t\t<div class=\"elementor-element elementor-element-a3cffe6 elementor-widget elementor-widget-html\" data-id=\"a3cffe6\" data-element_type=\"widget\" data-widget_type=\"html.default\">\n\t\t\t\t<div class=\"elementor-widget-container\">\n\t\t\t\t\t\r\n\r\n\r\n\r\n\r\n\r\n\r\n\r\n\r\n\r\n\t\t\t\t<\/div>\n\t\t\t\t<\/div>\n\t\t\t\t\t<\/div>\n\t\t\t\t<\/div>\n\t\t\t\t<\/div>\n\t\t<div class=\"elementor-element elementor-element-3ba0bcba e-grid e-con-boxed e-con e-parent\" data-id=\"3ba0bcba\" data-element_type=\"container\">\n\t\t\t\t\t<div class=\"e-con-inner\">\n\t\t<div class=\"elementor-element elementor-element-15e146c6 e-con-full e-flex e-con e-child\" data-id=\"15e146c6\" data-element_type=\"container\">\n\t\t\t\t<div class=\"elementor-element elementor-element-24b31638 elementor-widget elementor-widget-text-editor\" data-id=\"24b31638\" data-element_type=\"widget\" data-widget_type=\"text-editor.default\">\n\t\t\t\t<div class=\"elementor-widget-container\">\n\t\t\t\t\t\t\t\t\t<div class=\"vc_row wpb_row vc_inner vc_row-fluid\"><div class=\"wpb_column vc_column_container vc_col-sm-12\"><div class=\"vc_column-inner\"><div class=\"wpb_wrapper\"><div class=\"wpb_text_column wpb_content_element\"><div class=\"wpb_wrapper\"><h5 class=\"ori-font\" style=\"text-align: center;\"><span style=\"color: #ffffff;\">Vous n'arrivez pas \u00e0 \u00e9changer votre code ?  Veuillez cliquer sur le lien suivant <span style=\"text-decoration: underline;\"><a style=\"color: #ffffff; text-decoration: underline;\" href=\"\/fr\/contact\/\">nous contacter<\/a><\/span> et s'empressera d'apporter son aide !<\/span><\/h5><\/div><\/div><\/div><\/div><\/div><\/div>\t\t\t\t\t\t\t\t<\/div>\n\t\t\t\t<\/div>\n\t\t\t\t<\/div>\n\t\t\t\t\t<\/div>\n\t\t\t\t<\/div>\n\t\t\t\t<\/div>","protected":false},"excerpt":{"rendered":"<p>Thank you for purchasing the physical edition of \u201cOri and the Blind Forest\u201d on Nintendo Switch. Your voucher entitles you to one (1) complimentary download of the \u201cOri and the Blind Forest\u201d -OR- \u201cOri and the Will of the Wisps\u201d soundtrack in digital format, for transfer to your computer or portable music player. Having issues [&hellip;]<\/p>","protected":false},"author":2,"featured_media":0,"parent":0,"menu_order":0,"comment_status":"closed","ping_status":"closed","template":"","meta":{"footnotes":""},"class_list":["post-130","page","type-page","status-publish","hentry"],"_links":{"self":[{"href":"https:\/\/redeem.iam8bit.com\/fr\/wp-json\/wp\/v2\/pages\/130","targetHints":{"allow":["GET"]}}],"collection":[{"href":"https:\/\/redeem.iam8bit.com\/fr\/wp-json\/wp\/v2\/pages"}],"about":[{"href":"https:\/\/redeem.iam8bit.com\/fr\/wp-json\/wp\/v2\/types\/page"}],"author":[{"embeddable":true,"href":"https:\/\/redeem.iam8bit.com\/fr\/wp-json\/wp\/v2\/users\/2"}],"replies":[{"embeddable":true,"href":"https:\/\/redeem.iam8bit.com\/fr\/wp-json\/wp\/v2\/comments?post=130"}],"version-history":[{"count":0,"href":"https:\/\/redeem.iam8bit.com\/fr\/wp-json\/wp\/v2\/pages\/130\/revisions"}],"wp:attachment":[{"href":"https:\/\/redeem.iam8bit.com\/fr\/wp-json\/wp\/v2\/media?parent=130"}],"curies":[{"name":"wp","href":"https:\/\/api.w.org\/{rel}","templated":true}]}}