{"id":129,"date":"2025-05-13T18:28:15","date_gmt":"2025-05-13T22:28:15","guid":{"rendered":"https:\/\/redeem.iam8bit.com\/?page_id=129"},"modified":"2025-12-20T18:46:49","modified_gmt":"2025-12-20T23:46:49","slug":"spiritfarer","status":"publish","type":"page","link":"https:\/\/redeem.iam8bit.com\/fr\/spiritfarer\/","title":{"rendered":"Porteur d'esprit"},"content":{"rendered":"<div data-elementor-type=\"wp-page\" data-elementor-id=\"129\" class=\"elementor elementor-129\" data-elementor-post-type=\"page\">\n\t\t\t\t<div class=\"elementor-element elementor-element-d17ac39 e-con-full e-flex e-con e-parent\" data-id=\"d17ac39\" data-element_type=\"container\" data-settings=\"{&quot;background_background&quot;:&quot;classic&quot;}\">\n\t\t<div class=\"elementor-element elementor-element-7fd937c e-flex e-con-boxed e-con e-child\" data-id=\"7fd937c\" data-element_type=\"container\">\n\t\t\t\t\t<div class=\"e-con-inner\">\n\t\t\t\t<div class=\"elementor-element elementor-element-bd2d6d3 elementor-widget elementor-widget-image\" data-id=\"bd2d6d3\" data-element_type=\"widget\" data-widget_type=\"image.default\">\n\t\t\t\t<div class=\"elementor-widget-container\">\n\t\t\t\t\t\t\t\t\t\t\t\t\t\t\t<img fetchpriority=\"high\" decoding=\"async\" width=\"800\" height=\"800\" src=\"https:\/\/redeem.iam8bit.com\/wp-content\/uploads\/2025\/05\/Spiritfarer.png\" class=\"attachment-large size-large wp-image-109\" alt=\"\" srcset=\"https:\/\/redeem.iam8bit.com\/wp-content\/uploads\/2025\/05\/Spiritfarer.png 800w, https:\/\/redeem.iam8bit.com\/wp-content\/uploads\/2025\/05\/Spiritfarer-300x300.png 300w, https:\/\/redeem.iam8bit.com\/wp-content\/uploads\/2025\/05\/Spiritfarer-150x150.png 150w, https:\/\/redeem.iam8bit.com\/wp-content\/uploads\/2025\/05\/Spiritfarer-768x768.png 768w\" sizes=\"(max-width: 800px) 100vw, 800px\" \/>\t\t\t\t\t\t\t\t\t\t\t\t\t\t\t<\/div>\n\t\t\t\t<\/div>\n\t\t\t\t\t<\/div>\n\t\t\t\t<\/div>\n\t\t<div class=\"elementor-element elementor-element-fe37ec4 e-flex e-con-boxed e-con e-child\" data-id=\"fe37ec4\" data-element_type=\"container\">\n\t\t\t\t\t<div class=\"e-con-inner\">\n\t\t\t\t<div class=\"elementor-element elementor-element-ecb5874 elementor-widget elementor-widget-heading\" data-id=\"ecb5874\" data-element_type=\"widget\" data-widget_type=\"heading.default\">\n\t\t\t\t<div class=\"elementor-widget-container\">\n\t\t\t\t\t<h2 class=\"elementor-heading-title elementor-size-default\">Spiritfarer Digital Download\n<\/h2>\t\t\t\t<\/div>\n\t\t\t\t<\/div>\n\t\t\t\t<div class=\"elementor-element elementor-element-6c4340c elementor-widget elementor-widget-text-editor\" data-id=\"6c4340c\" data-element_type=\"widget\" data-widget_type=\"text-editor.default\">\n\t\t\t\t<div class=\"elementor-widget-container\">\n\t\t\t\t\t\t\t\t\t<div class=\"titles text-center mb-5\" data-v-37643ba5=\"\"><p data-v-37643ba5=\"\">Merci d'avoir achet\u00e9 l'\u00e9dition physique de \u201cSpiritfarer\u201d. Votre bon d'achat vous donne droit \u00e0 un (1) t\u00e9l\u00e9chargement gratuit de l'album \"Spiritfarer\".\u00a0<strong>\u201cBande originale de Spiritfarer par le compositeur Max LL\u201d<\/strong>\u00a0et un (1)\u00a0<strong>t\u00e9l\u00e9chargement gratuit du \u201clivre d'art num\u00e9rique de 96 pages de Spiritfarer\u201d.\u201d<\/strong>, tous deux au format num\u00e9rique, \u00e0 transf\u00e9rer sur votre ordinateur ou votre lecteur de musique portable.<\/p><\/div><div class=\"instructions text-center\" data-v-37643ba5=\"\">Veuillez inclure des tirets dans le code ci-dessous.<\/div>\t\t\t\t\t\t\t\t<\/div>\n\t\t\t\t<\/div>\n\t\t\t\t<div class=\"elementor-element elementor-element-a3cffe6 elementor-widget elementor-widget-html\" data-id=\"a3cffe6\" data-element_type=\"widget\" data-widget_type=\"html.default\">\n\t\t\t\t<div class=\"elementor-widget-container\">\n\t\t\t\t\t\r\n\r\n\r\n\r\n\r\n\t\t\t\t<\/div>\n\t\t\t\t<\/div>\n\t\t\t\t\t<\/div>\n\t\t\t\t<\/div>\n\t\t\t\t<\/div>\n\t\t<div class=\"elementor-element elementor-element-351ffdcb e-grid e-con-boxed e-con e-parent\" data-id=\"351ffdcb\" data-element_type=\"container\">\n\t\t\t\t\t<div class=\"e-con-inner\">\n\t\t<div class=\"elementor-element elementor-element-25ac08a4 e-con-full e-flex e-con e-child\" data-id=\"25ac08a4\" data-element_type=\"container\">\n\t\t\t\t<div class=\"elementor-element elementor-element-7c484465 elementor-widget elementor-widget-text-editor\" data-id=\"7c484465\" data-element_type=\"widget\" data-widget_type=\"text-editor.default\">\n\t\t\t\t<div class=\"elementor-widget-container\">\n\t\t\t\t\t\t\t\t\t<div class=\"vc_row wpb_row vc_inner vc_row-fluid\"><div class=\"wpb_column vc_column_container vc_col-sm-12\"><div class=\"vc_column-inner\"><div class=\"wpb_wrapper\"><div class=\"wpb_text_column wpb_content_element\"><div class=\"wpb_wrapper\"><h5 class=\"ori-font\" style=\"text-align: center;\"><span style=\"color: #ffffff;\">Vous n'arrivez pas \u00e0 \u00e9changer votre code ?  Veuillez cliquer sur le lien suivant <span style=\"text-decoration: underline;\"><a style=\"color: #ffffff; text-decoration: underline;\" href=\"\/fr\/contact\/\">nous contacter<\/a><\/span> et s'empressera d'apporter son aide !<\/span><\/h5><\/div><\/div><\/div><\/div><\/div><\/div>\t\t\t\t\t\t\t\t<\/div>\n\t\t\t\t<\/div>\n\t\t\t\t<\/div>\n\t\t\t\t\t<\/div>\n\t\t\t\t<\/div>\n\t\t\t\t<\/div>","protected":false},"excerpt":{"rendered":"<p>Spiritfarer Digital Download Thank you for purchasing the physical edition of \u201cSpiritfarer\u201d. Your voucher entitles you to one (1) complimentary download of the\u00a0\u201cSpiritfarer soundtrack by composer Max LL\u201d\u00a0and one (1)\u00a0complimentary download of the \u201c96-page Spiritfarer digital art book\u201d, both in digital format, for transfer to your computer or portable music player. Please include dashes in [&hellip;]<\/p>","protected":false},"author":2,"featured_media":0,"parent":0,"menu_order":0,"comment_status":"closed","ping_status":"closed","template":"","meta":{"footnotes":""},"class_list":["post-129","page","type-page","status-publish","hentry"],"_links":{"self":[{"href":"https:\/\/redeem.iam8bit.com\/fr\/wp-json\/wp\/v2\/pages\/129","targetHints":{"allow":["GET"]}}],"collection":[{"href":"https:\/\/redeem.iam8bit.com\/fr\/wp-json\/wp\/v2\/pages"}],"about":[{"href":"https:\/\/redeem.iam8bit.com\/fr\/wp-json\/wp\/v2\/types\/page"}],"author":[{"embeddable":true,"href":"https:\/\/redeem.iam8bit.com\/fr\/wp-json\/wp\/v2\/users\/2"}],"replies":[{"embeddable":true,"href":"https:\/\/redeem.iam8bit.com\/fr\/wp-json\/wp\/v2\/comments?post=129"}],"version-history":[{"count":0,"href":"https:\/\/redeem.iam8bit.com\/fr\/wp-json\/wp\/v2\/pages\/129\/revisions"}],"wp:attachment":[{"href":"https:\/\/redeem.iam8bit.com\/fr\/wp-json\/wp\/v2\/media?parent=129"}],"curies":[{"name":"wp","href":"https:\/\/api.w.org\/{rel}","templated":true}]}}