{"id":115,"date":"2025-05-13T17:42:07","date_gmt":"2025-05-13T21:42:07","guid":{"rendered":"https:\/\/redeem.iam8bit.com\/?page_id=115"},"modified":"2025-12-20T18:41:17","modified_gmt":"2025-12-20T23:41:17","slug":"cocoon","status":"publish","type":"page","link":"https:\/\/redeem.iam8bit.com\/fr\/cocoon\/","title":{"rendered":"Cocon"},"content":{"rendered":"<div data-elementor-type=\"wp-page\" data-elementor-id=\"115\" class=\"elementor elementor-115\" data-elementor-post-type=\"page\">\n\t\t\t\t<div class=\"elementor-element elementor-element-d17ac39 e-con-full e-flex e-con e-parent\" data-id=\"d17ac39\" data-element_type=\"container\" data-settings=\"{&quot;background_background&quot;:&quot;classic&quot;}\">\n\t\t<div class=\"elementor-element elementor-element-7fd937c e-flex e-con-boxed e-con e-child\" data-id=\"7fd937c\" data-element_type=\"container\">\n\t\t\t\t\t<div class=\"e-con-inner\">\n\t\t\t\t<div class=\"elementor-element elementor-element-bd2d6d3 elementor-widget elementor-widget-image\" data-id=\"bd2d6d3\" data-element_type=\"widget\" data-widget_type=\"image.default\">\n\t\t\t\t<div class=\"elementor-widget-container\">\n\t\t\t\t\t\t\t\t\t\t\t\t\t\t\t<img decoding=\"async\" src=\"https:\/\/redeem.iam8bit.com\/wp-content\/uploads\/elementor\/thumbs\/Cocoon-r5rlz1lz1wqpurzlbagfeqqk4y5ntb7ruz6mszy69s.png\" title=\"Cocon\" alt=\"Cocoon\" loading=\"lazy\" \/>\t\t\t\t\t\t\t\t\t\t\t\t\t\t\t<\/div>\n\t\t\t\t<\/div>\n\t\t\t\t\t<\/div>\n\t\t\t\t<\/div>\n\t\t<div class=\"elementor-element elementor-element-fe37ec4 e-flex e-con-boxed e-con e-child\" data-id=\"fe37ec4\" data-element_type=\"container\" data-settings=\"{&quot;background_background&quot;:&quot;gradient&quot;}\">\n\t\t\t\t\t<div class=\"e-con-inner\">\n\t\t\t\t<div class=\"elementor-element elementor-element-ecb5874 elementor-widget elementor-widget-heading\" data-id=\"ecb5874\" data-element_type=\"widget\" data-widget_type=\"heading.default\">\n\t\t\t\t<div class=\"elementor-widget-container\">\n\t\t\t\t\t<h1 class=\"elementor-heading-title elementor-size-default\">Cocoon T\u00e9l\u00e9chargement num\u00e9rique\n<\/h1>\t\t\t\t<\/div>\n\t\t\t\t<\/div>\n\t\t\t\t<div class=\"elementor-element elementor-element-6c4340c elementor-widget elementor-widget-text-editor\" data-id=\"6c4340c\" data-element_type=\"widget\" data-widget_type=\"text-editor.default\">\n\t\t\t\t<div class=\"elementor-widget-container\">\n\t\t\t\t\t\t\t\t\t<h5>Cocoon T\u00e9l\u00e9chargement num\u00e9rique<br \/>Merci d'avoir achet\u00e9 l'\u00e9dition physique de \u201cCocoon\u201d. Votre bon d'achat vous donne droit \u00e0 un (1) t\u00e9l\u00e9chargement gratuit de la \u201cbande originale officielle de Cocoon\u201d en format num\u00e9rique, \u00e0 transf\u00e9rer sur votre ordinateur ou votre lecteur de musique portable.<\/h5>\t\t\t\t\t\t\t\t<\/div>\n\t\t\t\t<\/div>\n\t\t\t\t<div class=\"elementor-element elementor-element-a3cffe6 elementor-widget elementor-widget-html\" data-id=\"a3cffe6\" data-element_type=\"widget\" data-widget_type=\"html.default\">\n\t\t\t\t<div class=\"elementor-widget-container\">\n\t\t\t\t\t\r\n\r\n\r\n\r\n\r\n\r\n\t\t\t\t<\/div>\n\t\t\t\t<\/div>\n\t\t\t\t\t<\/div>\n\t\t\t\t<\/div>\n\t\t\t\t<\/div>\n\t\t<div class=\"elementor-element elementor-element-1c2b9f3d e-grid e-con-boxed e-con e-parent\" data-id=\"1c2b9f3d\" data-element_type=\"container\">\n\t\t\t\t\t<div class=\"e-con-inner\">\n\t\t<div class=\"elementor-element elementor-element-2bb589e4 e-con-full e-flex e-con e-child\" data-id=\"2bb589e4\" data-element_type=\"container\">\n\t\t\t\t<div class=\"elementor-element elementor-element-6a76b6d9 elementor-widget elementor-widget-text-editor\" data-id=\"6a76b6d9\" data-element_type=\"widget\" data-widget_type=\"text-editor.default\">\n\t\t\t\t<div class=\"elementor-widget-container\">\n\t\t\t\t\t\t\t\t\t<div class=\"vc_row wpb_row vc_inner vc_row-fluid\"><div class=\"wpb_column vc_column_container vc_col-sm-12\"><div class=\"vc_column-inner\"><div class=\"wpb_wrapper\"><div class=\"wpb_text_column wpb_content_element\"><div class=\"wpb_wrapper\"><h4 class=\"ori-font\" style=\"text-align: center;\"><span style=\"color: #ffffff;\">Vous n'arrivez pas \u00e0 \u00e9changer votre code ?  Veuillez cliquer sur le lien suivant <span style=\"text-decoration: underline;\"><a style=\"color: #ffffff; text-decoration: underline;\" href=\"\/fr\/contact\/\">nous contacter<\/a><\/span> et s'empressera d'apporter son aide !<\/span><\/h4><\/div><\/div><\/div><\/div><\/div><\/div>\t\t\t\t\t\t\t\t<\/div>\n\t\t\t\t<\/div>\n\t\t\t\t<\/div>\n\t\t\t\t\t<\/div>\n\t\t\t\t<\/div>\n\t\t\t\t<\/div>","protected":false},"excerpt":{"rendered":"<p>Cocoon Digital Download Cocoon Digital DownloadThank you for purchasing the physical edition of \u201cCocoon\u201d. Your voucher entitles you to one (1) complimentary download of the \u201cCocoon official soundtrack\u201d in digital format, for transfer to your computer or portable music player. Having issues redeeming your code?\u00a0 Please contact us and will jump in to help!<\/p>","protected":false},"author":2,"featured_media":0,"parent":0,"menu_order":0,"comment_status":"closed","ping_status":"closed","template":"","meta":{"footnotes":""},"class_list":["post-115","page","type-page","status-publish","hentry"],"_links":{"self":[{"href":"https:\/\/redeem.iam8bit.com\/fr\/wp-json\/wp\/v2\/pages\/115","targetHints":{"allow":["GET"]}}],"collection":[{"href":"https:\/\/redeem.iam8bit.com\/fr\/wp-json\/wp\/v2\/pages"}],"about":[{"href":"https:\/\/redeem.iam8bit.com\/fr\/wp-json\/wp\/v2\/types\/page"}],"author":[{"embeddable":true,"href":"https:\/\/redeem.iam8bit.com\/fr\/wp-json\/wp\/v2\/users\/2"}],"replies":[{"embeddable":true,"href":"https:\/\/redeem.iam8bit.com\/fr\/wp-json\/wp\/v2\/comments?post=115"}],"version-history":[{"count":0,"href":"https:\/\/redeem.iam8bit.com\/fr\/wp-json\/wp\/v2\/pages\/115\/revisions"}],"wp:attachment":[{"href":"https:\/\/redeem.iam8bit.com\/fr\/wp-json\/wp\/v2\/media?parent=115"}],"curies":[{"name":"wp","href":"https:\/\/api.w.org\/{rel}","templated":true}]}}